{"id":41,"date":"2024-03-05T16:31:08","date_gmt":"2024-03-05T15:31:08","guid":{"rendered":"http:\/\/xn--matekmskpp-x4a2h.hu\/?page_id=41"},"modified":"2024-03-05T21:13:16","modified_gmt":"2024-03-05T20:13:16","slug":"impresszum","status":"publish","type":"page","link":"https:\/\/xn--matekmskpp-x4a2h.hu\/?page_id=41","title":{"rendered":"Impresszum"},"content":{"rendered":"\n<p><strong>Tulajdonos:<\/strong><br>\u00c1d\u00e1m Zolt\u00e1n, pszichol\u00f3gus \u00e9s programoz\u00f3<br>25 \u00e9v matekoktat\u00e1si tapasztalattal<\/p>\n\n\n\n<p><strong>Hosting szolg\u00e1ltat\u00f3:<\/strong><br>Rackhost Zrt.C\u00edm:6722 Szeged,<br>Tisza Lajos k\u00f6r\u00fat 41.<br>Ad\u00f3sz\u00e1m:25333572-2-06<br>C\u00e9gjegyz\u00e9ksz\u00e1m:06-10-000489<\/p>\n","protected":false},"excerpt":{"rendered":"<p>Tulajdonos:\u00c1d\u00e1m Zolt\u00e1n, pszichol\u00f3gus \u00e9s programoz\u00f325 \u00e9v matekoktat\u00e1si tapasztalattal Hosting szolg\u00e1ltat\u00f3:Rackhost Zrt.C\u00edm:6722 Szeged,Tisza Lajos k\u00f6r\u00fat 41.Ad\u00f3sz\u00e1m:25333572-2-06C\u00e9gjegyz\u00e9ksz\u00e1m:06-10-000489<\/p>\n","protected":false},"author":1,"featured_media":0,"parent":0,"menu_order":0,"comment_status":"closed","ping_status":"closed","template":"","meta":{"footnotes":""},"class_list":["post-41","page","type-page","status-publish","hentry"],"_links":{"self":[{"href":"https:\/\/xn--matekmskpp-x4a2h.hu\/index.php?rest_route=\/wp\/v2\/pages\/41","targetHints":{"allow":["GET"]}}],"collection":[{"href":"https:\/\/xn--matekmskpp-x4a2h.hu\/index.php?rest_route=\/wp\/v2\/pages"}],"about":[{"href":"https:\/\/xn--matekmskpp-x4a2h.hu\/index.php?rest_route=\/wp\/v2\/types\/page"}],"author":[{"embeddable":true,"href":"https:\/\/xn--matekmskpp-x4a2h.hu\/index.php?rest_route=\/wp\/v2\/users\/1"}],"replies":[{"embeddable":true,"href":"https:\/\/xn--matekmskpp-x4a2h.hu\/index.php?rest_route=%2Fwp%2Fv2%2Fcomments&post=41"}],"version-history":[{"count":3,"href":"https:\/\/xn--matekmskpp-x4a2h.hu\/index.php?rest_route=\/wp\/v2\/pages\/41\/revisions"}],"predecessor-version":[{"id":104,"href":"https:\/\/xn--matekmskpp-x4a2h.hu\/index.php?rest_route=\/wp\/v2\/pages\/41\/revisions\/104"}],"wp:attachment":[{"href":"https:\/\/xn--matekmskpp-x4a2h.hu\/index.php?rest_route=%2Fwp%2Fv2%2Fmedia&parent=41"}],"curies":[{"name":"wp","href":"https:\/\/api.w.org\/{rel}","templated":true}]}}