{"id":23,"date":"2024-03-05T16:09:28","date_gmt":"2024-03-05T15:09:28","guid":{"rendered":"http:\/\/xn--matekmskpp-x4a2h.hu\/?page_id=23"},"modified":"2024-03-10T16:21:36","modified_gmt":"2024-03-10T15:21:36","slug":"felsosoknek","status":"publish","type":"page","link":"https:\/\/xn--matekmskpp-x4a2h.hu\/?page_id=23","title":{"rendered":"Fels\u0151s\u0151knek"},"content":{"rendered":"\n<h2 class=\"wp-block-heading has-text-align-center\">Matek m\u00e1sk\u00e9pp &#8211; fels\u0151s\u00f6knek<\/h2>\n\n\n\n<p><\/p>\n\n\n\n<h4 class=\"wp-block-heading has-text-align-center\">Bizonytalan tud\u00e1s\u00fa, k\u00f6zepes \u00e9s gyeng\u00e9bb tanul\u00f3knak \u00f6sszefoglal\u00f3 jelleg\u0171, FELZ\u00c1RK\u00d3ZTAT\u00d3 TANFOLYAMOK indulnak \u00d3bud\u00e1n, a B\u00e9csi \u00faton.<\/h4>\n\n\n\n<p><\/p>\n\n\n\n<figure class=\"wp-block-table\"><table><tbody><tr><td class=\"has-text-align-left\" data-align=\"left\"><strong>MIT TAN\u00cdTUNK?<\/strong><br>A fels\u0151tagozatos matematika legfontosabb t\u00e9mak\u00f6reit dolgozzuk fel saj\u00e1t j\u00f3l bev\u00e1lt m\u00f3dszerrel \u00e9s \u00edrott seg\u00e9danyaggal. <br><\/td><\/tr><\/tbody><\/table><\/figure>\n\n\n\n<p><strong>T\u00c9MAK\u00d6R\u00d6K P\u00c9LD\u00c1UL:<\/strong><\/p>\n\n\n\n<ul class=\"wp-block-list\">\n<li>el\u0151jelek,<\/li>\n\n\n\n<li>m\u0171veletek pozit\u00edv \u00e9s negat\u00edv sz\u00e1mokkal,<\/li>\n\n\n\n<li>t\u00f6rtek,<\/li>\n\n\n\n<li>m\u0171veletek t\u00f6rtekkel,<\/li>\n\n\n\n<li>sz\u00e1zal\u00e9ksz\u00e1m\u00edt\u00e1s,<\/li>\n\n\n\n<li>egyenletek,<\/li>\n\n\n\n<li>f\u00fcggv\u00e9nyek,<\/li>\n\n\n\n<li>egyenes \u00e9s ford\u00edtott ar\u00e1ny,<\/li>\n\n\n\n<li>sz\u00e1mfajt\u00e1k,<\/li>\n\n\n\n<li>algebrai kifejez\u00e9sek,<\/li>\n\n\n\n<li>\u00e9s \u00edgy tov\u00e1bb.<\/li>\n<\/ul>\n\n\n\n<h3 class=\"wp-block-heading\"><\/h3>\n\n\n\n<figure class=\"wp-block-table\"><table><tbody><tr><td><strong>AZ OKTAT\u00c1S M\u00d3DSZERE:<\/strong> a gyerekek \u00e9letkor\u00e1hoz \u00e9s gondolkod\u00e1sfejl\u0151d\u00e9s\u00e9hez igazod\u00f3 r\u00e9szletes magyar\u00e1zat, egy\u00fcttes \u00e9s \u00f6n\u00e1ll\u00f3 gyakoroltat\u00e1s \u00e9s az elsaj\u00e1t\u00edt\u00e1s folyamatos ellen\u0151rz\u00e9se,- \u00fagynevezett &#8222;sz\u00e1jbar\u00e1g\u00f3s&#8221; m\u00f3dszer.<br>Minden gyereket egy\u00e9nileg felm\u00e9r\u00fcnk \u00e9s a felm\u00e9r\u00e9s alapj\u00e1n foglalkozunk vele.<br>Az oktat\u00e1s kiscsoportban folyik, de egy\u00e9ni tan\u00edt\u00e1s is lehets\u00e9ges, ha a felm\u00e9r\u00e9s szerint erre van sz\u00fcks\u00e9g. <br><\/td><\/tr><\/tbody><\/table><\/figure>\n\n\n\n<p><strong>A TAN\u00cdT\u00c1S C\u00c9LJA: <\/strong>hogy a fels\u0151 tagozatban n\u00e9lk\u00fcl\u00f6zhetetlen alapfogalmak \u00e9s az ehhez kapcsol\u00f3d\u00f3 szab\u00e1lyrendszerek elsaj\u00e1t\u00edt\u00e1sa \u00e9s feladatokon kereszt\u00fcl t\u00f6rt\u00e9n\u0151 begyakoroltat\u00e1sa \u00e1ltal a bizonytalan, hi\u00e1nyos tud\u00e1st biztos alapokra helyezze s \u00edgy hozza l\u00e9tre a gyerekek matematikai \u00f6n\u00e1ll\u00f3s\u00e1g\u00e1t.<\/p>\n\n\n\n<h3 class=\"wp-block-heading has-text-align-center\"><strong>\u00c9RDEKL\u0150D\u00c9S\u00dcKET NAPONTA 12 \u00c9S 19 \u00d3RA K\u00d6Z\u00d6TT<\/strong><br><strong> V\u00c1RJUK A 0630 976 0266-OS TELEFONSZ\u00c1MON.<\/strong><\/h3>\n\n\n\n<p><\/p>\n\n\n\n<figure class=\"wp-block-image aligncenter size-full\"><img loading=\"lazy\" decoding=\"async\" width=\"900\" height=\"600\" src=\"http:\/\/xn--matekmskpp-x4a2h.hu\/wp-content\/uploads\/2024\/03\/tiszakavicsfeher1.png\" alt=\"\" class=\"wp-image-12\" srcset=\"https:\/\/xn--matekmskpp-x4a2h.hu\/wp-content\/uploads\/2024\/03\/tiszakavicsfeher1.png 900w, https:\/\/xn--matekmskpp-x4a2h.hu\/wp-content\/uploads\/2024\/03\/tiszakavicsfeher1-300x200.png 300w, https:\/\/xn--matekmskpp-x4a2h.hu\/wp-content\/uploads\/2024\/03\/tiszakavicsfeher1-768x512.png 768w\" sizes=\"auto, (max-width: 900px) 100vw, 900px\" \/><\/figure>\n\n\n","protected":false},"excerpt":{"rendered":"<p>Matek m\u00e1sk\u00e9pp &#8211; fels\u0151s\u00f6knek Bizonytalan tud\u00e1s\u00fa, k\u00f6zepes \u00e9s gyeng\u00e9bb tanul\u00f3knak \u00f6sszefoglal\u00f3 jelleg\u0171, FELZ\u00c1RK\u00d3ZTAT\u00d3 TANFOLYAMOK indulnak \u00d3bud\u00e1n, a B\u00e9csi \u00faton. MIT TAN\u00cdTUNK?A fels\u0151tagozatos matematika legfontosabb t\u00e9mak\u00f6reit dolgozzuk fel saj\u00e1t j\u00f3l bev\u00e1lt m\u00f3dszerrel \u00e9s \u00edrott seg\u00e9danyaggal. T\u00c9MAK\u00d6R\u00d6K P\u00c9LD\u00c1UL: AZ OKTAT\u00c1S M\u00d3DSZERE: a gyerekek \u00e9letkor\u00e1hoz \u00e9s gondolkod\u00e1sfejl\u0151d\u00e9s\u00e9hez igazod\u00f3 r\u00e9szletes magyar\u00e1zat, egy\u00fcttes \u00e9s \u00f6n\u00e1ll\u00f3 gyakoroltat\u00e1s \u00e9s az elsaj\u00e1t\u00edt\u00e1s folyamatos [&hellip;]<\/p>\n","protected":false},"author":1,"featured_media":0,"parent":0,"menu_order":0,"comment_status":"closed","ping_status":"closed","template":"","meta":{"footnotes":""},"class_list":["post-23","page","type-page","status-publish","hentry"],"_links":{"self":[{"href":"https:\/\/xn--matekmskpp-x4a2h.hu\/index.php?rest_route=\/wp\/v2\/pages\/23","targetHints":{"allow":["GET"]}}],"collection":[{"href":"https:\/\/xn--matekmskpp-x4a2h.hu\/index.php?rest_route=\/wp\/v2\/pages"}],"about":[{"href":"https:\/\/xn--matekmskpp-x4a2h.hu\/index.php?rest_route=\/wp\/v2\/types\/page"}],"author":[{"embeddable":true,"href":"https:\/\/xn--matekmskpp-x4a2h.hu\/index.php?rest_route=\/wp\/v2\/users\/1"}],"replies":[{"embeddable":true,"href":"https:\/\/xn--matekmskpp-x4a2h.hu\/index.php?rest_route=%2Fwp%2Fv2%2Fcomments&post=23"}],"version-history":[{"count":17,"href":"https:\/\/xn--matekmskpp-x4a2h.hu\/index.php?rest_route=\/wp\/v2\/pages\/23\/revisions"}],"predecessor-version":[{"id":148,"href":"https:\/\/xn--matekmskpp-x4a2h.hu\/index.php?rest_route=\/wp\/v2\/pages\/23\/revisions\/148"}],"wp:attachment":[{"href":"https:\/\/xn--matekmskpp-x4a2h.hu\/index.php?rest_route=%2Fwp%2Fv2%2Fmedia&parent=23"}],"curies":[{"name":"wp","href":"https:\/\/api.w.org\/{rel}","templated":true}]}}