{"id":178,"date":"2024-06-08T14:59:14","date_gmt":"2024-06-08T12:59:14","guid":{"rendered":"https:\/\/xn--matekmskpp-x4a2h.hu\/?page_id=178"},"modified":"2024-06-08T15:12:51","modified_gmt":"2024-06-08T13:12:51","slug":"iskola-elokeszito-piciknek","status":"publish","type":"page","link":"https:\/\/xn--matekmskpp-x4a2h.hu\/?page_id=178","title":{"rendered":"Iskola el\u0151k\u00e9sz\u00edt\u0151 piciknek"},"content":{"rendered":"\n<h2 class=\"wp-block-heading\"><strong>Iskola el\u0151k\u00e9sz\u00edt\u0151 piciknek<\/strong><\/h2>\n\n\n\n<h2 class=\"wp-block-heading\">Ez az oldal fejleszt\u00e9s alatt \u00e1ll.<\/h2>\n","protected":false},"excerpt":{"rendered":"<p>Iskola el\u0151k\u00e9sz\u00edt\u0151 piciknek Ez az oldal fejleszt\u00e9s alatt \u00e1ll.<\/p>\n","protected":false},"author":1,"featured_media":0,"parent":0,"menu_order":0,"comment_status":"closed","ping_status":"closed","template":"","meta":{"footnotes":""},"class_list":["post-178","page","type-page","status-publish","hentry"],"_links":{"self":[{"href":"https:\/\/xn--matekmskpp-x4a2h.hu\/index.php?rest_route=\/wp\/v2\/pages\/178","targetHints":{"allow":["GET"]}}],"collection":[{"href":"https:\/\/xn--matekmskpp-x4a2h.hu\/index.php?rest_route=\/wp\/v2\/pages"}],"about":[{"href":"https:\/\/xn--matekmskpp-x4a2h.hu\/index.php?rest_route=\/wp\/v2\/types\/page"}],"author":[{"embeddable":true,"href":"https:\/\/xn--matekmskpp-x4a2h.hu\/index.php?rest_route=\/wp\/v2\/users\/1"}],"replies":[{"embeddable":true,"href":"https:\/\/xn--matekmskpp-x4a2h.hu\/index.php?rest_route=%2Fwp%2Fv2%2Fcomments&post=178"}],"version-history":[{"count":3,"href":"https:\/\/xn--matekmskpp-x4a2h.hu\/index.php?rest_route=\/wp\/v2\/pages\/178\/revisions"}],"predecessor-version":[{"id":191,"href":"https:\/\/xn--matekmskpp-x4a2h.hu\/index.php?rest_route=\/wp\/v2\/pages\/178\/revisions\/191"}],"wp:attachment":[{"href":"https:\/\/xn--matekmskpp-x4a2h.hu\/index.php?rest_route=%2Fwp%2Fv2%2Fmedia&parent=178"}],"curies":[{"name":"wp","href":"https:\/\/api.w.org\/{rel}","templated":true}]}}