{"id":113,"date":"2024-03-16T13:03:15","date_gmt":"2024-03-16T12:03:15","guid":{"rendered":"https:\/\/xn--matekmskpp-x4a2h.hu\/?page_id=113"},"modified":"2024-03-16T13:22:09","modified_gmt":"2024-03-16T12:22:09","slug":"rolunk-mondtak","status":"publish","type":"page","link":"https:\/\/xn--matekmskpp-x4a2h.hu\/?page_id=113","title":{"rendered":"R\u00f3lunk mondt\u00e1k"},"content":{"rendered":"\n<p class=\"has-text-align-center\">Ez az aloldal fejleszt\u00e9s alatt \u00e1ll.<\/p>\n\n\n\n<div class=\"wp-block-columns is-layout-flex wp-container-core-columns-is-layout-28f84493 wp-block-columns-is-layout-flex\">\n<div class=\"wp-block-column is-layout-flow wp-block-column-is-layout-flow\" style=\"flex-basis:100%\">\n<div class=\"wp-block-group is-nowrap is-layout-flex wp-container-core-group-is-layout-6c531013 wp-block-group-is-layout-flex\">\n<div class=\"wp-block-columns is-layout-flex wp-container-core-columns-is-layout-28f84493 wp-block-columns-is-layout-flex\">\n<div class=\"wp-block-column is-layout-flow wp-block-column-is-layout-flow\">\n<p><\/p>\n<\/div>\n\n\n\n<div class=\"wp-block-column is-layout-flow wp-block-column-is-layout-flow\"><\/div>\n\n\n\n<div class=\"wp-block-column is-layout-flow wp-block-column-is-layout-flow\"><\/div>\n<\/div>\n\n\n\n<p>Kisl\u00e1nyomat tan\u00edtotta<br>Zoli b\u00e1csi 4 \u00e9ven \u00e1t.<br>M\u00e9g az elej\u00e9n, amikor<br>kicsi volt azt mondta:<br>Az iskolai matekot nem<br>szeretem, Zoli b\u00e1csi matekj\u00e1t<br>pedig nagyon szeretem.<\/p>\n\n\n\n<p>Kisl\u00e1nyomat tan\u00edtotta<br>Zoli b\u00e1csi 4 \u00e9ven \u00e1t.<br>M\u00e9g az elej\u00e9n, amikor<br>kicsi volt azt mondta:<br>Az iskolai matekot nem<br>szeretem, Zoli b\u00e1csi matekj\u00e1t<br>pedig nagyon szeretem.<\/p>\n\n\n\n<p><\/p>\n<\/div>\n<\/div>\n<\/div>\n\n\n\n<p class=\"has-text-align-center\">                                                                 <\/p>\n","protected":false},"excerpt":{"rendered":"<p>Ez az aloldal fejleszt\u00e9s alatt \u00e1ll. Kisl\u00e1nyomat tan\u00edtottaZoli b\u00e1csi 4 \u00e9ven \u00e1t.M\u00e9g az elej\u00e9n, amikorkicsi volt azt mondta:Az iskolai matekot nemszeretem, Zoli b\u00e1csi matekj\u00e1tpedig nagyon szeretem. Kisl\u00e1nyomat tan\u00edtottaZoli b\u00e1csi 4 \u00e9ven \u00e1t.M\u00e9g az elej\u00e9n, amikorkicsi volt azt mondta:Az iskolai matekot nemszeretem, Zoli b\u00e1csi matekj\u00e1tpedig nagyon szeretem.<\/p>\n","protected":false},"author":1,"featured_media":0,"parent":0,"menu_order":0,"comment_status":"closed","ping_status":"closed","template":"","meta":{"footnotes":""},"class_list":["post-113","page","type-page","status-publish","hentry"],"_links":{"self":[{"href":"https:\/\/xn--matekmskpp-x4a2h.hu\/index.php?rest_route=\/wp\/v2\/pages\/113","targetHints":{"allow":["GET"]}}],"collection":[{"href":"https:\/\/xn--matekmskpp-x4a2h.hu\/index.php?rest_route=\/wp\/v2\/pages"}],"about":[{"href":"https:\/\/xn--matekmskpp-x4a2h.hu\/index.php?rest_route=\/wp\/v2\/types\/page"}],"author":[{"embeddable":true,"href":"https:\/\/xn--matekmskpp-x4a2h.hu\/index.php?rest_route=\/wp\/v2\/users\/1"}],"replies":[{"embeddable":true,"href":"https:\/\/xn--matekmskpp-x4a2h.hu\/index.php?rest_route=%2Fwp%2Fv2%2Fcomments&post=113"}],"version-history":[{"count":5,"href":"https:\/\/xn--matekmskpp-x4a2h.hu\/index.php?rest_route=\/wp\/v2\/pages\/113\/revisions"}],"predecessor-version":[{"id":123,"href":"https:\/\/xn--matekmskpp-x4a2h.hu\/index.php?rest_route=\/wp\/v2\/pages\/113\/revisions\/123"}],"wp:attachment":[{"href":"https:\/\/xn--matekmskpp-x4a2h.hu\/index.php?rest_route=%2Fwp%2Fv2%2Fmedia&parent=113"}],"curies":[{"name":"wp","href":"https:\/\/api.w.org\/{rel}","templated":true}]}}